{"id":156,"date":"2024-10-16T11:55:15","date_gmt":"2024-10-16T09:55:15","guid":{"rendered":"http:\/\/leshautsdejeanvert.fr\/?page_id=156"},"modified":"2025-03-15T10:25:20","modified_gmt":"2025-03-15T09:25:20","slug":"notre-histoire","status":"publish","type":"page","link":"https:\/\/leshautsdejeanvert.fr\/en\/notre-histoire\/","title":{"rendered":"Our story"},"content":{"rendered":"<p>[et_pb_section fb_built=\u00a0\u00bb1&Prime; admin_label=\u00a0\u00bbHeader\u00a0\u00bb _builder_version=\u00a0\u00bb4.27.4&Prime; _module_preset=\u00a0\u00bbdefault\u00a0\u00bb background_color=\u00a0\u00bb#FDFAF2&Prime; background_enable_image=\u00a0\u00bboff\u00a0\u00bb background_blend=\u00a0\u00bblighten\u00a0\u00bb overflow-x=\u00a0\u00bbhidden\u00a0\u00bb overflow-y=\u00a0\u00bbhidden\u00a0\u00bb custom_padding=\u00a0\u00bb||18px|||\u00a0\u00bb locked=\u00a0\u00bboff\u00a0\u00bb collapsed=\u00a0\u00bboff\u00a0\u00bb global_colors_info=\u00a0\u00bb{}\u00a0\u00bb][et_pb_row _builder_version=\u00a0\u00bb4.27.4&Prime; _module_preset=\u00a0\u00bbdefault\u00a0\u00bb custom_padding=\u00a0\u00bb||0px|||\u00a0\u00bb global_colors_info=\u00a0\u00bb{}\u00a0\u00bb][et_pb_column type=\u00a0\u00bb4_4&Prime; _builder_version=\u00a0\u00bb4.27.4&Prime; _module_preset=\u00a0\u00bbdefault\u00a0\u00bb global_colors_info=\u00a0\u00bb{}\u00a0\u00bb][et_pb_text _builder_version=\u00a0\u00bb4.27.4&Prime; _module_preset=\u00a0\u00bbdefault\u00a0\u00bb header_font=\u00a0\u00bbPompiere||||||||\u00a0\u00bb header_text_color=\u00a0\u00bb#3A5602&Prime; header_font_size=\u00a0\u00bb65px\u00a0\u00bb header_2_font=\u00a0\u00bbPompiere||||||||\u00a0\u00bb header_2_text_color=\u00a0\u00bb#3A5602&Prime; header_2_font_size=\u00a0\u00bb55px\u00a0\u00bb custom_margin=\u00a0\u00bb||0px||false|false\u00a0\u00bb custom_margin_tablet=\u00a0\u00bb|429px|||false|false\u00a0\u00bb custom_margin_phone=\u00a0\u00bb|0px|||false|false\u00a0\u00bb custom_margin_last_edited=\u00a0\u00bbon|phone\u00a0\u00bb hover_enabled=\u00a0\u00bb0&Prime; locked=\u00a0\u00bboff\u00a0\u00bb global_colors_info=\u00a0\u00bb{}\u00a0\u00bb sticky_enabled=\u00a0\u00bb0&Prime;]<\/p>\n<h1>Notre histoire<\/h1>\n<p>[\/et_pb_text][et_pb_divider color=\u00a0\u00bb#E09900&Prime; divider_weight=\u00a0\u00bb10px\u00a0\u00bb _builder_version=\u00a0\u00bb4.27.2&Prime; _module_preset=\u00a0\u00bbdefault\u00a0\u00bb width=\u00a0\u00bb10%\u00a0\u00bb module_alignment=\u00a0\u00bbleft\u00a0\u00bb locked=\u00a0\u00bboff\u00a0\u00bb global_colors_info=\u00a0\u00bb{}\u00a0\u00bb][\/et_pb_divider][et_pb_text _builder_version=\u00a0\u00bb4.27.4&Prime; _module_preset=\u00a0\u00bb8791bc0c-b78f-48de-825c-02776649e01b\u00a0\u00bb text_font=\u00a0\u00bbMontserrat||||||||\u00a0\u00bb global_colors_info=\u00a0\u00bb{}\u00a0\u00bb sticky_enabled=\u00a0\u00bb0&Prime; hover_enabled=\u00a0\u00bb0&Prime; text_font_size_phone=\u00a0\u00bb18px\u00a0\u00bb]<\/p>\n<p>D\u00e9sireux de contrebalancer des vies professionnelles tr\u00e9pidantes, nous cherchions \u00e0 Gaillac notre \u00ab cocon \u00bb propice au ressourcement et permettant d\u2019accueillir nos familles et amis dans un environnement chaleureux et nature.<\/p>\n<p>[\/et_pb_text][\/et_pb_column][\/et_pb_row][et_pb_row column_structure=\u00a0\u00bb1_2,1_2&Prime; _builder_version=\u00a0\u00bb4.20.0&Prime; _module_preset=\u00a0\u00bbdefault\u00a0\u00bb global_colors_info=\u00a0\u00bb{}\u00a0\u00bb][et_pb_column type=\u00a0\u00bb1_2&Prime; _builder_version=\u00a0\u00bb4.20.0&Prime; _module_preset=\u00a0\u00bbdefault\u00a0\u00bb global_colors_info=\u00a0\u00bb{}\u00a0\u00bb][et_pb_image src=\u00a0\u00bbhttps:\/\/leshautsdejeanvert.fr\/wp-content\/uploads\/2025\/01\/Maison-au-printemps-Notre-histoire.webp\u00a0\u00bb title_text=\u00a0\u00bbMaison au printemps Notre histoire\u00a0\u00bb _builder_version=\u00a0\u00bb4.27.4&Prime; _module_preset=\u00a0\u00bbdefault\u00a0\u00bb border_radii=\u00a0\u00bbon|5px|5px|5px|5px\u00a0\u00bb box_shadow_style=\u00a0\u00bbpreset1&Prime; global_colors_info=\u00a0\u00bb{}\u00a0\u00bb][\/et_pb_image][\/et_pb_column][et_pb_column type=\u00a0\u00bb1_2&Prime; _builder_version=\u00a0\u00bb4.20.0&Prime; _module_preset=\u00a0\u00bbdefault\u00a0\u00bb global_colors_info=\u00a0\u00bb{}\u00a0\u00bb][et_pb_text _builder_version=\u00a0\u00bb4.27.4&Prime; _module_preset=\u00a0\u00bbdefault\u00a0\u00bb header_2_font=\u00a0\u00bbPompiere||||||||\u00a0\u00bb header_2_text_color=\u00a0\u00bb#3A5602&Prime; header_2_font_size=\u00a0\u00bb40px\u00a0\u00bb custom_margin=\u00a0\u00bb40px||23px||false|false\u00a0\u00bb custom_padding=\u00a0\u00bb||0px||false|false\u00a0\u00bb hover_enabled=\u00a0\u00bb0&Prime; global_colors_info=\u00a0\u00bb{}\u00a0\u00bb sticky_enabled=\u00a0\u00bb0&Prime; custom_margin_last_edited=\u00a0\u00bbon|desktop\u00a0\u00bb custom_margin_phone=\u00a0\u00bb0px||||false|false\u00a0\u00bb custom_margin_tablet=\u00a0\u00bb40px||23px||false|false\u00a0\u00bb]<\/p>\n<h2>Nos crit\u00e8res<\/h2>\n<p>[\/et_pb_text][et_pb_text _builder_version=\u00a0\u00bb4.27.4&Prime; _module_preset=\u00a0\u00bbdefault\u00a0\u00bb text_font=\u00a0\u00bbMontserrat||||||||\u00a0\u00bb text_font_size=\u00a0\u00bb18px\u00a0\u00bb text_line_height=\u00a0\u00bb1.6em\u00a0\u00bb hover_enabled=\u00a0\u00bb0&Prime; global_colors_info=\u00a0\u00bb{}\u00a0\u00bb sticky_enabled=\u00a0\u00bb0&Prime;]<\/p>\n<p>Au c\u0153ur du vignoble pour profiter de la beaut\u00e9 des paysages, avec vue dominante pour l\u2019inspiration, tr\u00e8s calme pour le repos et avec un espace vaste et arbor\u00e9 pour se connecter \u00e0 la nature.<\/p>\n<p>Apr\u00e8s 2 ans de recherche, nous avons trouv\u00e9 cette perle rare\u00a0!<br \/>A nous de veiller \u00e0 la pr\u00e9servation de cet espace de vie et de partage.<\/p>\n<p>[\/et_pb_text][et_pb_text _builder_version=\u00a0\u00bb4.27.4&Prime; _module_preset=\u00a0\u00bbdefault\u00a0\u00bb text_font=\u00a0\u00bbMontserrat||||||||\u00a0\u00bb text_font_size=\u00a0\u00bb19px\u00a0\u00bb text_line_height=\u00a0\u00bb1.6em\u00a0\u00bb global_colors_info=\u00a0\u00bb{}\u00a0\u00bb]<\/p>\n<p>L\u2019histoire d\u2019une rencontre entre ce lieu Les Hauts de Jeanvert et des amoureux de la nature.<\/p>\n<p>[\/et_pb_text][\/et_pb_column][\/et_pb_row][\/et_pb_section][et_pb_section fb_built=\u00a0\u00bb1&Prime; custom_padding_last_edited=\u00a0\u00bbon|desktop\u00a0\u00bb admin_label=\u00a0\u00bbStats\u00a0\u00bb _builder_version=\u00a0\u00bb4.27.4&Prime; _module_preset=\u00a0\u00bbdefault\u00a0\u00bb use_background_color_gradient=\u00a0\u00bbon\u00a0\u00bb background_color_gradient_direction=\u00a0\u00bb226deg\u00a0\u00bb background_color_gradient_stops=\u00a0\u00bbgcid-4bdecb47-4903-4f7f-8c38-18edaa02b6ba 0%|gcid-f9e2726b-b4f5-43a5-bef2-f053a80c54d3 85%\u00a0\u00bb custom_padding=\u00a0\u00bb31px||16px|||\u00a0\u00bb custom_padding_tablet=\u00a0\u00bb\u00a0\u00bb custom_padding_phone=\u00a0\u00bb\u00a0\u00bb border_color_all=\u00a0\u00bb#3A5602&Prime; locked=\u00a0\u00bboff\u00a0\u00bb collapsed=\u00a0\u00bbon\u00a0\u00bb global_colors_info=\u00a0\u00bb{%22gcid-f9e2726b-b4f5-43a5-bef2-f053a80c54d3%22:%91%22background_color_gradient_stops%22%93}\u00a0\u00bb][et_pb_row column_structure=\u00a0\u00bb1_2,1_2&Prime; _builder_version=\u00a0\u00bb4.27.4&Prime; _module_preset=\u00a0\u00bbdefault\u00a0\u00bb custom_padding=\u00a0\u00bb3px||0px|||\u00a0\u00bb global_colors_info=\u00a0\u00bb{}\u00a0\u00bb][et_pb_column type=\u00a0\u00bb1_2&Prime; _builder_version=\u00a0\u00bb4.23.1&Prime; _module_preset=\u00a0\u00bbdefault\u00a0\u00bb global_colors_info=\u00a0\u00bb{}\u00a0\u00bb][et_pb_text _builder_version=\u00a0\u00bb4.27.4&Prime; _module_preset=\u00a0\u00bb845d0257-5b2b-4583-84ed-8af25b49ed32&Prime; header_2_font=\u00a0\u00bbPompiere||||||||\u00a0\u00bb header_2_text_color=\u00a0\u00bb#3A5602&Prime; header_2_font_size=\u00a0\u00bb40px\u00a0\u00bb custom_margin=\u00a0\u00bb||7px||false|false\u00a0\u00bb hover_enabled=\u00a0\u00bb0&Prime; global_colors_info=\u00a0\u00bb{}\u00a0\u00bb header_2_font_size_phone=\u00a0\u00bb40px\u00a0\u00bb sticky_enabled=\u00a0\u00bb0&Prime;]<\/p>\n<h2>Depuis notre arriv\u00e9e&#8230;<\/h2>\n<p>[\/et_pb_text][et_pb_text _builder_version=\u00a0\u00bb4.27.4&Prime; _module_preset=\u00a0\u00bb674dca7d-412b-471c-8921-2761b3df5a16&Prime; text_font=\u00a0\u00bbMontserrat||||||||\u00a0\u00bb text_font_size=\u00a0\u00bb18px\u00a0\u00bb text_line_height=\u00a0\u00bb1.6em\u00a0\u00bb hover_enabled=\u00a0\u00bb0&Prime; global_colors_info=\u00a0\u00bb{%22gcid-2739a123-5e26-4669-a77f-62833b73033a%22:%91%22text_text_color%22,%22text_text_color%22%93}\u00a0\u00bb text_font_size_phone=\u00a0\u00bb18px\u00a0\u00bb sticky_enabled=\u00a0\u00bb0&Prime;]<\/p>\n<p>en avril 2023, nous avons \u00e0 c\u0153ur :<\/p>\n<ul>\n<li><strong>d&rsquo;am\u00e9liorer le confort du lieu<\/strong> : vaisselle renouvel\u00e9e, 4 cuisines flambant neuves, salons de jardins remplac\u00e9s, linge de lit 100% coton bio label Oeko-Tex&#8230;<\/li>\n<\/ul>\n<ul>\n<li><strong>de renforcer la biodiversit\u00e9<\/strong> : nous avons plant\u00e9 de nouvelles essences peu demandeuses en eau, adapt\u00e9es \u00e0 l&rsquo;\u00e9volution climatique<\/li>\n<\/ul>\n<p>[\/et_pb_text][\/et_pb_column][et_pb_column type=\u00a0\u00bb1_2&Prime; _builder_version=\u00a0\u00bb4.23.1&Prime; _module_preset=\u00a0\u00bbdefault\u00a0\u00bb global_colors_info=\u00a0\u00bb{}\u00a0\u00bb][et_pb_image src=\u00a0\u00bbhttps:\/\/leshautsdejeanvert.fr\/wp-content\/uploads\/2025\/01\/Jardin-Jeanvert.webp\u00a0\u00bb title_text=\u00a0\u00bbJardin Jeanvert\u00a0\u00bb _builder_version=\u00a0\u00bb4.27.4&Prime; _module_preset=\u00a0\u00bbdefault\u00a0\u00bb global_colors_info=\u00a0\u00bb{}\u00a0\u00bb][\/et_pb_image][\/et_pb_column][\/et_pb_row][et_pb_row _builder_version=\u00a0\u00bb4.27.4&Prime; _module_preset=\u00a0\u00bbdefault\u00a0\u00bb global_colors_info=\u00a0\u00bb{}\u00a0\u00bb][et_pb_column type=\u00a0\u00bb4_4&Prime; _builder_version=\u00a0\u00bb4.20.0&Prime; _module_preset=\u00a0\u00bbdefault\u00a0\u00bb global_colors_info=\u00a0\u00bb{}\u00a0\u00bb][et_pb_text _builder_version=\u00a0\u00bb4.27.4&Prime; _module_preset=\u00a0\u00bbf96dcf4b-3b21-4458-81f9-d3a176362929&Prime; text_font=\u00a0\u00bbMontserrat||||||||\u00a0\u00bb text_font_size=\u00a0\u00bb18px\u00a0\u00bb text_line_height=\u00a0\u00bb1.6em\u00a0\u00bb global_colors_info=\u00a0\u00bb{%22gcid-2739a123-5e26-4669-a77f-62833b73033a%22:%91%22text_text_color%22%93}\u00a0\u00bb]<\/p>\n<p>Nous souhaitons nous engager aux c\u00f4t\u00e9s des acteurs locaux du monde agricole : vignerons, producteurs de pommes ou d\u2019huile d\u2019olive, p\u00e9pini\u00e9ristes\u2026 et autres cr\u00e9ateurs d\u2019exp\u00e9riences touristiques permettant de mieux conna\u00eetre et respecter notre territoire.<\/p>\n<p>[\/et_pb_text][\/et_pb_column][\/et_pb_row][et_pb_row _builder_version=\u00a0\u00bb4.27.4&Prime; _module_preset=\u00a0\u00bbdefault\u00a0\u00bb custom_padding=\u00a0\u00bb0px||8px|||\u00a0\u00bb global_colors_info=\u00a0\u00bb{}\u00a0\u00bb][et_pb_column type=\u00a0\u00bb4_4&Prime; _builder_version=\u00a0\u00bb4.27.4&Prime; _module_preset=\u00a0\u00bbdefault\u00a0\u00bb global_colors_info=\u00a0\u00bb{}\u00a0\u00bb][et_pb_text _builder_version=\u00a0\u00bb4.27.4&Prime; _module_preset=\u00a0\u00bbf96dcf4b-3b21-4458-81f9-d3a176362929&Prime; text_font=\u00a0\u00bbMontserrat||||||||\u00a0\u00bb text_text_color=\u00a0\u00bb#3A5602&Prime; text_font_size=\u00a0\u00bb20px\u00a0\u00bb text_line_height=\u00a0\u00bb1.6em\u00a0\u00bb global_colors_info=\u00a0\u00bb{%22gcid-2739a123-5e26-4669-a77f-62833b73033a%22:%91%22header_4_text_color%22%93}\u00a0\u00bb]<\/p>\n<p>Nous sommes tr\u00e8s heureux en ce lieu, heureux d\u2019\u00e9crire avec vous un nouveau chapitre de cet espace \u00e0 prot\u00e9ger : <strong>Les Hauts de Jeanvert !<\/strong><\/p>\n<p>[\/et_pb_text][\/et_pb_column][\/et_pb_row][\/et_pb_section][et_pb_section fb_built=\u00a0\u00bb1&Prime; admin_label=\u00a0\u00bbStats\u00a0\u00bb module_id=\u00a0\u00bbhommage\u00a0\u00bb _builder_version=\u00a0\u00bb4.27.4&Prime; _module_preset=\u00a0\u00bbdefault\u00a0\u00bb background_color=\u00a0\u00bb#FDFAF2&Prime; custom_padding=\u00a0\u00bb3px||10px||false|false\u00a0\u00bb border_radii=\u00a0\u00bbon|50px|50px|50px|50px\u00a0\u00bb border_color_all=\u00a0\u00bb#3A5602&Prime; locked=\u00a0\u00bboff\u00a0\u00bb collapsed=\u00a0\u00bbon\u00a0\u00bb global_colors_info=\u00a0\u00bb{%22gcid-f9e2726b-b4f5-43a5-bef2-f053a80c54d3%22:%91%22background_color_gradient_stops%22%93}\u00a0\u00bb][et_pb_row _builder_version=\u00a0\u00bb4.20.0&Prime; _module_preset=\u00a0\u00bbdefault\u00a0\u00bb global_colors_info=\u00a0\u00bb{}\u00a0\u00bb custom_padding=\u00a0\u00bb6px|||||\u00a0\u00bb][et_pb_column type=\u00a0\u00bb4_4&Prime; _builder_version=\u00a0\u00bb4.20.0&Prime; _module_preset=\u00a0\u00bbdefault\u00a0\u00bb global_colors_info=\u00a0\u00bb{}\u00a0\u00bb][et_pb_text _builder_version=\u00a0\u00bb4.27.4&Prime; _module_preset=\u00a0\u00bb845d0257-5b2b-4583-84ed-8af25b49ed32&Prime; header_2_font=\u00a0\u00bbPompiere||||||||\u00a0\u00bb header_2_text_color=\u00a0\u00bb#3A5602&Prime; header_2_font_size=\u00a0\u00bb40px\u00a0\u00bb custom_margin=\u00a0\u00bb||-20px|||\u00a0\u00bb hover_enabled=\u00a0\u00bb0&Prime; global_colors_info=\u00a0\u00bb{}\u00a0\u00bb header_2_font_size_phone=\u00a0\u00bb40px\u00a0\u00bb sticky_enabled=\u00a0\u00bb0&Prime;]<\/p>\n<h2>Hommage<\/h2>\n<p>[\/et_pb_text][\/et_pb_column][\/et_pb_row][et_pb_row _builder_version=\u00a0\u00bb4.27.4&Prime; _module_preset=\u00a0\u00bbdefault\u00a0\u00bb custom_margin=\u00a0\u00bb-12px|auto||auto||\u00a0\u00bb global_colors_info=\u00a0\u00bb{}\u00a0\u00bb][et_pb_column type=\u00a0\u00bb4_4&Prime; _builder_version=\u00a0\u00bb4.23.1&Prime; _module_preset=\u00a0\u00bbdefault\u00a0\u00bb global_colors_info=\u00a0\u00bb{}\u00a0\u00bb][et_pb_text _builder_version=\u00a0\u00bb4.27.4&Prime; _module_preset=\u00a0\u00bb674dca7d-412b-471c-8921-2761b3df5a16&Prime; text_font=\u00a0\u00bbMontserrat||||||||\u00a0\u00bb text_font_size=\u00a0\u00bb18px\u00a0\u00bb text_line_height=\u00a0\u00bb1.6em\u00a0\u00bb hover_enabled=\u00a0\u00bb0&Prime; global_colors_info=\u00a0\u00bb{%22gcid-2739a123-5e26-4669-a77f-62833b73033a%22:%91%22text_text_color%22,%22text_text_color%22%93}\u00a0\u00bb text_font_size_phone=\u00a0\u00bb18px\u00a0\u00bb sticky_enabled=\u00a0\u00bb0&Prime;]<\/p>\n<p>Ce lieu, nous le devons \u00e0 <strong>Mike et Cheryl Ashburn et Mike et Mandy Hibbert<\/strong>.<br \/>Ces deux couples d\u2019amis enseignants anglais ont acquis cette ancienne ferme en 1999 afin de cr\u00e9er un lieu de vacances respectant l&rsquo;esprit de l&rsquo;architecture traditionnelle locale.<br \/>Ce sont 5 g\u00eetes qui voyaient le jour dans l\u2019ancienne maison d\u2019habitation en pierre de pays, les anciens hangars agricoles et l\u2019atelier d\u2019artiste.<br \/>Nous saluons ce projet de r\u00e9novation qui s\u2019est accompagn\u00e9 d\u2019un projet de reforestation avec des essences vari\u00e9es et nombreuses.<br \/>Cela nous permet de profiter aujourd\u2019hui d\u2019une nature magnifique et de terrasses ombrag\u00e9es\u00a0!<br \/>Et d\u00e9sormais, nous prenons la rel\u00e8ve &#8230;<\/p>\n<p>[\/et_pb_text][\/et_pb_column][\/et_pb_row][\/et_pb_section]<\/p>\n","protected":false},"excerpt":{"rendered":"<p>Notre histoireD\u00e9sireux de contrebalancer des vies professionnelles tr\u00e9pidantes, nous cherchions \u00e0 Gaillac notre \u00ab cocon \u00bb propice au ressourcement et permettant d\u2019accueillir nos familles et amis dans un environnement chaleureux et nature.Nos crit\u00e8resAu c\u0153ur du vignoble pour profiter de la beaut\u00e9 des paysages, avec vue dominante pour l\u2019inspiration, tr\u00e8s calme pour le repos et avec [&hellip;]<\/p>\n","protected":false},"author":2,"featured_media":0,"parent":0,"menu_order":0,"comment_status":"closed","ping_status":"closed","template":"","meta":{"_et_pb_use_builder":"on","_et_pb_old_content":"<!-- wp:divi\/placeholder \/-->","_et_gb_content_width":"","footnotes":""},"class_list":["post-156","page","type-page","status-publish","hentry"],"_links":{"self":[{"href":"https:\/\/leshautsdejeanvert.fr\/en\/wp-json\/wp\/v2\/pages\/156","targetHints":{"allow":["GET"]}}],"collection":[{"href":"https:\/\/leshautsdejeanvert.fr\/en\/wp-json\/wp\/v2\/pages"}],"about":[{"href":"https:\/\/leshautsdejeanvert.fr\/en\/wp-json\/wp\/v2\/types\/page"}],"author":[{"embeddable":true,"href":"https:\/\/leshautsdejeanvert.fr\/en\/wp-json\/wp\/v2\/users\/2"}],"replies":[{"embeddable":true,"href":"https:\/\/leshautsdejeanvert.fr\/en\/wp-json\/wp\/v2\/comments?post=156"}],"version-history":[{"count":38,"href":"https:\/\/leshautsdejeanvert.fr\/en\/wp-json\/wp\/v2\/pages\/156\/revisions"}],"predecessor-version":[{"id":2566,"href":"https:\/\/leshautsdejeanvert.fr\/en\/wp-json\/wp\/v2\/pages\/156\/revisions\/2566"}],"wp:attachment":[{"href":"https:\/\/leshautsdejeanvert.fr\/en\/wp-json\/wp\/v2\/media?parent=156"}],"curies":[{"name":"wp","href":"https:\/\/api.w.org\/{rel}","templated":true}]}}